{"id":720,"date":"2023-11-16T12:37:56","date_gmt":"2023-11-16T11:37:56","guid":{"rendered":"https:\/\/t-ozi.fr\/?page_id=720"},"modified":"2023-11-16T16:03:32","modified_gmt":"2023-11-16T15:03:32","slug":"les-artistes","status":"publish","type":"page","link":"https:\/\/t-ozi.fr\/index.php\/les-artistes\/","title":{"rendered":"LES ARTISTES"},"content":{"rendered":"\n<div class=\"wp-block-media-text has-media-on-the-right is-stacked-on-mobile\"><div class=\"wp-block-media-text__content\">\n<p class=\"has-medium-font-size\"><strong>Julien Maeda<\/strong>, d\u2019origines bretonne et japonaise, n\u00e9 en Is\u00e8re \u00e0 la fin des ann\u00e9es 70, ayant essentiellement v\u00e9cu \u00e0 Paris. Dipl\u00f4me d\u2019Ecole de Commerce. Essentiellement collaborateur de la Galerie Navarra et coordinateur \u00e9ditorial de la Collection Made by\u2026 puis Directeur d\u2019Edition. Graphiste autodidacte.<br><br>Photo \u00a9 Robert Brunton, 2023<\/p>\n<\/div><figure class=\"wp-block-media-text__media\"><img loading=\"lazy\" decoding=\"async\" width=\"800\" height=\"973\" src=\"https:\/\/t-ozi.fr\/wp-content\/uploads\/2023\/11\/230718_T-OZI_Julien-Maeda-Polaroid_003.jpg\" alt=\"\" class=\"wp-image-828 size-full\" srcset=\"https:\/\/t-ozi.fr\/wp-content\/uploads\/2023\/11\/230718_T-OZI_Julien-Maeda-Polaroid_003.jpg 800w, https:\/\/t-ozi.fr\/wp-content\/uploads\/2023\/11\/230718_T-OZI_Julien-Maeda-Polaroid_003-247x300.jpg 247w, https:\/\/t-ozi.fr\/wp-content\/uploads\/2023\/11\/230718_T-OZI_Julien-Maeda-Polaroid_003-768x934.jpg 768w\" sizes=\"auto, (max-width: 800px) 100vw, 800px\" \/><\/figure><\/div>\n\n\n\n<div style=\"height:36px\" aria-hidden=\"true\" class=\"wp-block-spacer\"><\/div>\n\n\n\n<div class=\"wp-block-media-text is-stacked-on-mobile\"><figure class=\"wp-block-media-text__media\"><img loading=\"lazy\" decoding=\"async\" width=\"1024\" height=\"986\" src=\"https:\/\/t-ozi.fr\/wp-content\/uploads\/2023\/11\/Capture-decran-2023-11-16-a-12.36.42-1024x986.png\" alt=\"\" class=\"wp-image-722 size-full\" srcset=\"https:\/\/t-ozi.fr\/wp-content\/uploads\/2023\/11\/Capture-decran-2023-11-16-a-12.36.42-1024x986.png 1024w, https:\/\/t-ozi.fr\/wp-content\/uploads\/2023\/11\/Capture-decran-2023-11-16-a-12.36.42-300x289.png 300w, https:\/\/t-ozi.fr\/wp-content\/uploads\/2023\/11\/Capture-decran-2023-11-16-a-12.36.42-768x740.png 768w, https:\/\/t-ozi.fr\/wp-content\/uploads\/2023\/11\/Capture-decran-2023-11-16-a-12.36.42-1536x1479.png 1536w, https:\/\/t-ozi.fr\/wp-content\/uploads\/2023\/11\/Capture-decran-2023-11-16-a-12.36.42.png 1782w\" sizes=\"auto, (max-width: 1024px) 100vw, 1024px\" \/><\/figure><div class=\"wp-block-media-text__content\">\n<p class=\"has-medium-font-size\"><strong>S\u00e9bastien Moreu<\/strong>, d\u2019origines napolitaine et catalane, n\u00e9 dans le Sud de la France au d\u00e9but des ann\u00e9es 70. Artiste plasticien, photographe, multim\u00e9dia et conceptuel, \u00e9diteur, \u00e9crivain et directeur artistique. Il a aussi exerc\u00e9 les fonctions de relations presse et relations publiques et est en charge des archives du photographe Simon Schwyzer et du designer Marc Berthier.<br><br>Photo par Simon Schwyzer, 2021, \u00a9 Lenny Schwyzer, Zurich 2023<\/p>\n<\/div><\/div>\n","protected":false},"excerpt":{"rendered":"<p>Julien Maeda, d\u2019origines bretonne et japonaise, n\u00e9 en Is\u00e8re \u00e0 la fin des ann\u00e9es 70, ayant essentiellement v\u00e9cu \u00e0 Paris. Dipl\u00f4me d\u2019Ecole de Commerce. Essentiellement collaborateur de la Galerie Navarra et coordinateur \u00e9ditorial de la Collection Made by\u2026 puis Directeur d\u2019Edition. Graphiste autodidacte. Photo \u00a9 Robert Brunton, 2023 S\u00e9bastien Moreu, d\u2019origines napolitaine et catalane, n\u00e9 [&hellip;]<\/p>\n","protected":false},"author":1,"featured_media":0,"parent":0,"menu_order":0,"comment_status":"closed","ping_status":"closed","template":"","meta":{"site-sidebar-layout":"default","site-content-layout":"","ast-site-content-layout":"","site-content-style":"default","site-sidebar-style":"default","ast-global-header-display":"","ast-banner-title-visibility":"","ast-main-header-display":"","ast-hfb-above-header-display":"","ast-hfb-below-header-display":"","ast-hfb-mobile-header-display":"","site-post-title":"","ast-breadcrumbs-content":"","ast-featured-img":"","footer-sml-layout":"","theme-transparent-header-meta":"","adv-header-id-meta":"","stick-header-meta":"","header-above-stick-meta":"","header-main-stick-meta":"","header-below-stick-meta":"","astra-migrate-meta-layouts":"default","ast-page-background-enabled":"default","ast-page-background-meta":{"desktop":{"background-color":"var(--ast-global-color-4)","background-image":"","background-repeat":"repeat","background-position":"center center","background-size":"auto","background-attachment":"scroll","background-type":"","background-media":"","overlay-type":"","overlay-color":"","overlay-opacity":"","overlay-gradient":""},"tablet":{"background-color":"","background-image":"","background-repeat":"repeat","background-position":"center center","background-size":"auto","background-attachment":"scroll","background-type":"","background-media":"","overlay-type":"","overlay-color":"","overlay-opacity":"","overlay-gradient":""},"mobile":{"background-color":"","background-image":"","background-repeat":"repeat","background-position":"center center","background-size":"auto","background-attachment":"scroll","background-type":"","background-media":"","overlay-type":"","overlay-color":"","overlay-opacity":"","overlay-gradient":""}},"ast-content-background-meta":{"desktop":{"background-color":"var(--ast-global-color-5)","background-image":"","background-repeat":"repeat","background-position":"center center","background-size":"auto","background-attachment":"scroll","background-type":"","background-media":"","overlay-type":"","overlay-color":"","overlay-opacity":"","overlay-gradient":""},"tablet":{"background-color":"var(--ast-global-color-5)","background-image":"","background-repeat":"repeat","background-position":"center center","background-size":"auto","background-attachment":"scroll","background-type":"","background-media":"","overlay-type":"","overlay-color":"","overlay-opacity":"","overlay-gradient":""},"mobile":{"background-color":"var(--ast-global-color-5)","background-image":"","background-repeat":"repeat","background-position":"center center","background-size":"auto","background-attachment":"scroll","background-type":"","background-media":"","overlay-type":"","overlay-color":"","overlay-opacity":"","overlay-gradient":""}},"footnotes":""},"class_list":["post-720","page","type-page","status-publish","hentry"],"_links":{"self":[{"href":"https:\/\/t-ozi.fr\/index.php\/wp-json\/wp\/v2\/pages\/720","targetHints":{"allow":["GET"]}}],"collection":[{"href":"https:\/\/t-ozi.fr\/index.php\/wp-json\/wp\/v2\/pages"}],"about":[{"href":"https:\/\/t-ozi.fr\/index.php\/wp-json\/wp\/v2\/types\/page"}],"author":[{"embeddable":true,"href":"https:\/\/t-ozi.fr\/index.php\/wp-json\/wp\/v2\/users\/1"}],"replies":[{"embeddable":true,"href":"https:\/\/t-ozi.fr\/index.php\/wp-json\/wp\/v2\/comments?post=720"}],"version-history":[{"count":11,"href":"https:\/\/t-ozi.fr\/index.php\/wp-json\/wp\/v2\/pages\/720\/revisions"}],"predecessor-version":[{"id":829,"href":"https:\/\/t-ozi.fr\/index.php\/wp-json\/wp\/v2\/pages\/720\/revisions\/829"}],"wp:attachment":[{"href":"https:\/\/t-ozi.fr\/index.php\/wp-json\/wp\/v2\/media?parent=720"}],"curies":[{"name":"wp","href":"https:\/\/api.w.org\/{rel}","templated":true}]}}