{"id":700,"date":"2023-11-16T12:06:58","date_gmt":"2023-11-16T11:06:58","guid":{"rendered":"https:\/\/t-ozi.fr\/?page_id=700"},"modified":"2023-11-16T13:19:09","modified_gmt":"2023-11-16T12:19:09","slug":"qui-est-ozi","status":"publish","type":"page","link":"https:\/\/t-ozi.fr\/index.php\/qui-est-ozi\/","title":{"rendered":"QUI EST OZI?"},"content":{"rendered":"\n<div class=\"wp-block-group alignwide is-layout-constrained wp-block-group-is-layout-constrained\">\n<figure class=\"wp-block-image alignleft size-large is-resized\"><img loading=\"lazy\" decoding=\"async\" width=\"774\" height=\"1024\" src=\"https:\/\/t-ozi.fr\/wp-content\/uploads\/2023\/10\/06_ORIGINAL-774x1024.png\" alt=\"\" class=\"wp-image-153\" style=\"width:480px\" srcset=\"https:\/\/t-ozi.fr\/wp-content\/uploads\/2023\/10\/06_ORIGINAL-774x1024.png 774w, https:\/\/t-ozi.fr\/wp-content\/uploads\/2023\/10\/06_ORIGINAL-227x300.png 227w, https:\/\/t-ozi.fr\/wp-content\/uploads\/2023\/10\/06_ORIGINAL-768x1016.png 768w, https:\/\/t-ozi.fr\/wp-content\/uploads\/2023\/10\/06_ORIGINAL.png 820w\" sizes=\"auto, (max-width: 774px) 100vw, 774px\" \/><\/figure>\n\n\n\n<p class=\"has-medium-font-size\"><strong>9 d\u00e9cembre 1939<\/strong>\u2007Naissance \u00e0 Marseille de Roseline Lubrano di Scampamorte.<br><br><strong>1 septembre 1960<\/strong>\u2007\u00c9pouse Alain Moreu \u00e0 la mairie. Puis \u00e0 l\u2019\u00e9glise, ce qui d\u00fbt surprendre le pr\u00eatre puisque pour tous les rendez-vous pr\u00e9nuptiaux dont la confession,&nbsp;&nbsp;c\u2019est leur ami Claude Nolin qui s\u2019\u00e9tait fait passer pour le futur mari.<br><br><strong>5 mars 1963<\/strong>\u2007Naissance des jumeaux Jean-Claude et Jean-Fran\u00e7ois \u00e0 Marseille.<br><br><strong>1965<\/strong>\u2007Apr\u00e8s avoir vu&nbsp;<em>Les Gendarmes<\/em>, le couple d\u00e9cide de s\u2019installer \u00e0 Saint-Tropez.<br><br><strong>1972<\/strong>\u2007D\u00e9but des travaux du cabinet dentaire d\u2019Alain, rue Gambetta, con\u00e7u par le designer Marc Berthier.<br><br><strong>25 d\u00e9cembre<\/strong>\u2007Naissance de S\u00e9bastien.<br><br><strong>1973-1975<\/strong>\u2007Voyage en Chine, au N\u00e9pal et aux \u00c9tats-Unis.<br><br><strong>1975<\/strong>\u2007Reprise en main et r\u00e9ouverture de la plus ancienne boutique de Saint-Tropez alors tomb\u00e9e en d\u00e9su\u00e9tude et situ\u00e9e au rez-de-chauss\u00e9e du cabinet dentaire. Toujours avec le designer Marc Berthier, c\u2019est l\u2019invention d\u2019un \u00ab concept bazar \u00bb qui deviendra en quelques ann\u00e9es un des tout premiers concept stores.<br><br><strong>1982<\/strong>\u2007Dans son appartement-bureau du premier \u00e9tage, elle r\u00e9invente une deuxi\u00e8me fois le magasin. Carrelage gris mat, wall system en fer galvanis\u00e9, banque de pr\u00e9sentation des produits aux clients.&nbsp;<br><br><strong>Ann\u00e9es 80<\/strong>\u2007Le charmant bazar est devenu une adresse multi-marque, mondialement connue, salu\u00e9e par la presse internationale et r\u00e9f\u00e9rence fr\u00e9quemment cit\u00e9e par les plus grands cr\u00e9ateurs, dont le couturier Joseph Ettedgui ou encore Sir Conran.<br><br><strong>2013<\/strong>\u2007Pour les 111 ans du magasin, Marc Berthier et Roseline r\u00e9inventent une troisi\u00e8me fois les Galeries Trop\u00e9ziennes, avec un bazar chic sur rue, et un bazar pratique dans l\u2019ancienne r\u00e9serve.<br><br><strong>Mars 2016<\/strong>\u2007D\u00e9c\u00e8s de Roseline Moreu \u00e0 Saint-Tropez.&nbsp;<br>\u00c9paul\u00e9e depuis quelques ann\u00e9es par son fils a\u00een\u00e9 Jean-Claude et sa compagne Iryna Zakharchenko, elle pr\u00e9parait le passage de relais \u00e0 sa petite-fille Pauline aujourd\u2019hui \u00e0 la t\u00eate de l\u2019institution dont elle pr\u00e9pare une quatri\u00e8me r\u00e9volution tranquille.<br><br><strong>2017<\/strong>\u2007Le magazine MARFA JOURNAL lui consacre un livre hommage intitul\u00e9&nbsp;<em>La Dame des Galeries Trop\u00e9ziennes.<br><\/em>Sous leurs faux airs de v\u00e9n\u00e9rable institution traditionnelle, voire nostalgique, les Galeries Trop\u00e9ziennes ont toujours \u00e9t\u00e9 et demeurent ce qu\u2019Ozi \u00e9tait : authentique, discr\u00e8te, furieusement d\u2019aujourd\u2019hui, et mue par la curiosit\u00e9 du futur. Il faut savoir d\u2019o\u00f9 on vient pour savoir qui l\u2019on est, et plus important, o\u00f9 l\u2019on va. Cela aurait pu \u00eatre la devise d\u2019Ozi.<\/p>\n<\/div>\n","protected":false},"excerpt":{"rendered":"<p>9 d\u00e9cembre 1939\u2007Naissance \u00e0 Marseille de Roseline Lubrano di Scampamorte. 1 septembre 1960\u2007\u00c9pouse Alain Moreu \u00e0 la mairie. Puis \u00e0 l\u2019\u00e9glise, ce qui d\u00fbt surprendre le pr\u00eatre puisque pour tous les rendez-vous pr\u00e9nuptiaux dont la confession,&nbsp;&nbsp;c\u2019est leur ami Claude Nolin qui s\u2019\u00e9tait fait passer pour le futur mari. 5 mars 1963\u2007Naissance des jumeaux Jean-Claude et [&hellip;]<\/p>\n","protected":false},"author":1,"featured_media":0,"parent":0,"menu_order":0,"comment_status":"closed","ping_status":"closed","template":"","meta":{"site-sidebar-layout":"default","site-content-layout":"","ast-site-content-layout":"","site-content-style":"default","site-sidebar-style":"default","ast-global-header-display":"","ast-banner-title-visibility":"","ast-main-header-display":"","ast-hfb-above-header-display":"","ast-hfb-below-header-display":"","ast-hfb-mobile-header-display":"","site-post-title":"","ast-breadcrumbs-content":"","ast-featured-img":"","footer-sml-layout":"","theme-transparent-header-meta":"","adv-header-id-meta":"","stick-header-meta":"","header-above-stick-meta":"","header-main-stick-meta":"","header-below-stick-meta":"","astra-migrate-meta-layouts":"default","ast-page-background-enabled":"default","ast-page-background-meta":{"desktop":{"background-color":"var(--ast-global-color-4)","background-image":"","background-repeat":"repeat","background-position":"center center","background-size":"auto","background-attachment":"scroll","background-type":"","background-media":"","overlay-type":"","overlay-color":"","overlay-opacity":"","overlay-gradient":""},"tablet":{"background-color":"","background-image":"","background-repeat":"repeat","background-position":"center center","background-size":"auto","background-attachment":"scroll","background-type":"","background-media":"","overlay-type":"","overlay-color":"","overlay-opacity":"","overlay-gradient":""},"mobile":{"background-color":"","background-image":"","background-repeat":"repeat","background-position":"center center","background-size":"auto","background-attachment":"scroll","background-type":"","background-media":"","overlay-type":"","overlay-color":"","overlay-opacity":"","overlay-gradient":""}},"ast-content-background-meta":{"desktop":{"background-color":"var(--ast-global-color-5)","background-image":"","background-repeat":"repeat","background-position":"center center","background-size":"auto","background-attachment":"scroll","background-type":"","background-media":"","overlay-type":"","overlay-color":"","overlay-opacity":"","overlay-gradient":""},"tablet":{"background-color":"var(--ast-global-color-5)","background-image":"","background-repeat":"repeat","background-position":"center center","background-size":"auto","background-attachment":"scroll","background-type":"","background-media":"","overlay-type":"","overlay-color":"","overlay-opacity":"","overlay-gradient":""},"mobile":{"background-color":"var(--ast-global-color-5)","background-image":"","background-repeat":"repeat","background-position":"center center","background-size":"auto","background-attachment":"scroll","background-type":"","background-media":"","overlay-type":"","overlay-color":"","overlay-opacity":"","overlay-gradient":""}},"footnotes":""},"class_list":["post-700","page","type-page","status-publish","hentry"],"_links":{"self":[{"href":"https:\/\/t-ozi.fr\/index.php\/wp-json\/wp\/v2\/pages\/700","targetHints":{"allow":["GET"]}}],"collection":[{"href":"https:\/\/t-ozi.fr\/index.php\/wp-json\/wp\/v2\/pages"}],"about":[{"href":"https:\/\/t-ozi.fr\/index.php\/wp-json\/wp\/v2\/types\/page"}],"author":[{"embeddable":true,"href":"https:\/\/t-ozi.fr\/index.php\/wp-json\/wp\/v2\/users\/1"}],"replies":[{"embeddable":true,"href":"https:\/\/t-ozi.fr\/index.php\/wp-json\/wp\/v2\/comments?post=700"}],"version-history":[{"count":5,"href":"https:\/\/t-ozi.fr\/index.php\/wp-json\/wp\/v2\/pages\/700\/revisions"}],"predecessor-version":[{"id":755,"href":"https:\/\/t-ozi.fr\/index.php\/wp-json\/wp\/v2\/pages\/700\/revisions\/755"}],"wp:attachment":[{"href":"https:\/\/t-ozi.fr\/index.php\/wp-json\/wp\/v2\/media?parent=700"}],"curies":[{"name":"wp","href":"https:\/\/api.w.org\/{rel}","templated":true}]}}