{"id":29,"date":"2023-10-23T12:17:12","date_gmt":"2023-10-23T10:17:12","guid":{"rendered":"http:\/\/t-ozi.fr\/?page_id=29"},"modified":"2023-11-30T17:12:39","modified_gmt":"2023-11-30T16:12:39","slug":"a-propos","status":"publish","type":"page","link":"https:\/\/t-ozi.fr\/","title":{"rendered":"\u00c0 PROPOS"},"content":{"rendered":"\n<div class=\"wp-block-group alignwide is-content-justification-left is-layout-constrained wp-container-core-group-is-layout-7b29db16 wp-block-group-is-layout-constrained\">\n<figure class=\"wp-block-image alignleft is-resized\"><img loading=\"lazy\" decoding=\"async\" width=\"683\" height=\"1024\" src=\"https:\/\/t-ozi.fr\/wp-content\/uploads\/2023\/11\/230715_T-OZI_Shop-Front-Dispaly_DSF0458-683x1024.jpg\" alt=\"\" class=\"wp-image-559\" style=\"width:410px\" srcset=\"https:\/\/t-ozi.fr\/wp-content\/uploads\/2023\/11\/230715_T-OZI_Shop-Front-Dispaly_DSF0458-683x1024.jpg 683w, https:\/\/t-ozi.fr\/wp-content\/uploads\/2023\/11\/230715_T-OZI_Shop-Front-Dispaly_DSF0458-200x300.jpg 200w, https:\/\/t-ozi.fr\/wp-content\/uploads\/2023\/11\/230715_T-OZI_Shop-Front-Dispaly_DSF0458-768x1152.jpg 768w, https:\/\/t-ozi.fr\/wp-content\/uploads\/2023\/11\/230715_T-OZI_Shop-Front-Dispaly_DSF0458-1024x1536.jpg 1024w, https:\/\/t-ozi.fr\/wp-content\/uploads\/2023\/11\/230715_T-OZI_Shop-Front-Dispaly_DSF0458.jpg 1200w\" sizes=\"auto, (max-width: 683px) 100vw, 683px\" \/><figcaption class=\"wp-element-caption\">\u00a9 Robert Brunton, 2023<\/figcaption><\/figure>\n\n\n\n<p class=\"has-text-align-left has-medium-font-size\" style=\"padding-top:0;padding-right:0;padding-bottom:0;padding-left:0\">Ozi est le diminutif amoureux que mon p\u00e8re Alain Moreu donnait \u00e0 Roseline Moreu Lubrano di Scampamorte, ma m\u00e8re.\u00a0<br><br>Je n\u2019ai jamais entendu personne d\u2019autre l\u2019appeler ainsi, et j\u2019ai beaucoup h\u00e9sit\u00e9 \u00e0 prendre pour ce projet \u2014 comme on kidnapperait \u2014 ce surnom qui n\u2019appartenait qu\u2019\u00e0 eux. Ozi, c\u2019est aussi le nom qu\u2019ils ont donn\u00e9 au bateau qu\u2019il lui a offert \u2014 \u00ab\u2009leur derni\u00e8re folie\u2009\u00bb comme ils aimaient \u00e0 le dire \u2014 et depuis lors tout le monde connaissait l\u2019origine de ce nom, sans pour autant appeler maman ainsi.\u00a0<br><br>Si j\u2019ai beaucoup h\u00e9sit\u00e9, je n\u2019ai pas h\u00e9sit\u00e9 longtemps. Sept ans apr\u00e8s son d\u00e9c\u00e8s, comme je l\u2019ai d\u00e9j\u00e0 exprim\u00e9 par ailleurs, il reste impossible de dire adieu \u00e0 Celle qui m\u2019a dit bonjour au premier jour de mes jours. Et si je peux toujours vous parler d\u2019Elle, ce que je veux surtout c\u2019est lui faire vivre mille et une nouvelles vies au-del\u00e0 des mille et une qu\u2019elle a r\u00e9ellement v\u00e9cues et que je n\u2019ai pas toutes connues. Alors j\u2019en \u00e9voque certaines que je d\u00e9couvre, d\u2019autres que je savais, mais je peux aussi la r\u00e9inventer. Je peux dire cette maman qui ne nous a pas quitt\u00e9s et aussi en faire ce personnage qui nous survivra.<br><br>Il y a plusieurs origines \u00e0 ce besoin de m\u2019exprimer \u00e0 nouveau au travers de textes et d\u2019images m\u00eal\u00e9es\u00a0:<br><br>\u2014 J\u2019\u00e9cris ce texte 10\u2009096\u00a0jours apr\u00e8s le d\u00e9c\u00e8s de mon fr\u00e8re Jean-Fran\u00e7ois, 2\u2009672\u00a0jours apr\u00e8s celui de maman, 657\u00a0jours apr\u00e8s celui de mon ami Simon. J\u2019ai toujours eu tout au long de ma vie cette capacit\u00e9 \u00e0 voir appara\u00eetre ces d\u00e9comptes quotidiens sans pour autant faire appel \u00e0 des calculs, parfois sans me souvenir des dates d\u2019origine. J\u2019ai cit\u00e9 trois drames, mais il m\u2019arrive d\u2019\u00eatre assailli par des d\u00e9comptes sans int\u00e9r\u00eat ni raison particuli\u00e8re. Je ne peux pas d\u00e9cider de pouvoir le faire pour une date sp\u00e9cifique ni convoquer tel ou tel d\u00e9compte que j\u2019ai d\u00e9j\u00e0<br>exprim\u00e9. Il y a des p\u00e9riodes de ma vie durant lesquelles je n\u2019en ai aucun de disponible. Ce que je sais en revanche c\u2019est que leurs apparitions conscientes sont le signe de mon besoin d\u2019exprimer un indicible, de m\u2019approprier mon histoire, en l\u2019\u00e9voquant \u00e0 ma mani\u00e8re.\u00a0<br><br>\u2014\u00a0Le 26\u00a0septembre 2021, lors de la derni\u00e8re conversation t\u00e9l\u00e9phonique que j\u2019ai eue avec Simon, avec qui j\u2019ai partag\u00e9 l\u2019essentiel de ma vie tant affective que professionnelle, j\u2019ignorais qu\u2019il allait choisir de se donner la mort deux jours plus tard\u2026 nous \u00e9voquions des v\u00eatements qu\u2019il avait command\u00e9s pour moi sur Internet depuis deux mois, ils \u00e9taient arriv\u00e9s depuis un certain temps et \u00e0 part un t-shirt tout le reste \u00e9tait bien trop petit. Nous avions retourn\u00e9 les \u00e9l\u00e9ments qui n\u2019allaient pas et j\u2019ai rapidement re\u00e7u un nouveau colis\u2009; \u00e0 nouveau constitu\u00e9 de petites tailles\u2026 Je l\u2019avais trouv\u00e9 anormalement exc\u00e9d\u00e9 par la situation et il m\u2019a dit qu\u2019il allait s\u2019en charger. Puis plus rien, jusqu\u2019\u00e0 cette derni\u00e8re conversation durant laquelle il m\u2019a dit \u00eatre d\u00e9sol\u00e9, mais que la marque n\u2019aurait plus ma taille\u2009! Je lui r\u00e9pondis qu\u2019ils \u00e9taient tr\u00e8s beaux et que je pouvais les lui envoyer puisqu\u2019\u00e0 lui, ils iraient tr\u00e8s bien. Il a refus\u00e9 me disant \u00ab\u2009non c\u2019est important que tu les gardes, ce qui compte c\u2019est le souvenir\u2009\u00bb. Je n\u2019ai pas compris ce qu\u2019il m\u2019annon\u00e7ait.<br><br>J\u2019ai beaucoup repens\u00e9 \u00e0 cette phrase depuis, \u00e0 la notion m\u00eame de souvenir et \u00e0 celle de M\u00e9moire. La premi\u00e8re si n\u00e9cessaire, et l\u2019autre qui s\u2019impose froidement sans se partager r\u00e9ellement. Ainsi ma troisi\u00e8me motivation m\u2019a \u00e9t\u00e9 comme dict\u00e9e\u00a0:<br><br>\u2014\u00a0Il faut s\u2019imposer de fuir la M\u00e9moire, pour ce qu\u2019elle fige \u00e0 jamais tout ce qui nous anime. Avant de dispara\u00eetre \u00e0 son tour et pour toujours emporter dans sa chute les surprises de la vie.<br><br>Et pour leur cr\u00e9ativit\u00e9, leurs petits et grands mensonges, pour l\u2019\u00e9motion, pour l\u2019inventivit\u00e9, les larmes et les rires\u2026 Pour les mythes et l\u00e9gendes\u2026 Pour la frime innocente et les emportements du c\u0153ur\u2026 Pour ce qu\u2019ils ont en commun avec la vie qui surprend, pour ce qu\u2019ils continuent de nous animer et d\u2019\u00e9tonner nos proches bien au-del\u00e0 des adieux\u00a0: il faut ch\u00e9rir et laisser vivre les souvenirs\u2009!! Les laisser vivre leurs vies\u2026 estomper les plus intimes ou les moins glorieux, amplifier ceux qui semblent n\u2019attendre que \u00e7a, r\u00e9inventer la mani\u00e8re dont ils s\u2019articulaient et les transmettre. C\u2019est cela la vie d\u2019un souvenir, la r\u00e9invention permanente. La vie d\u2019un souvenir c\u2019est tout simplement la vie qui continue.<br><br>Il faut sans cesse les raconter, et \u00e0 force les am\u00e9liorer imperceptiblement \u00e0 chaque fois, les r\u00e9inventer, les adapter\u2026 il faut dans un m\u00eame mouvement composer des r\u00e9cits qui n\u2019\u00e9tonneront personne, et rassureront m\u00eame\u2009; comme en inventer qui surprendront les proches, jusqu\u2019\u00e0 en concevoir d\u2019impossibles, voire des choquants, il faut offrir aux souvenirs une vie qu\u2019eux-m\u00eames insufflent \u00e0 celles et ceux qui ne peuvent plus la vivre par circonstances ou par choix\u2026 Faire vivre \u00e0 nos proches des temps qu\u2019ils n\u2019ont pas connus, leur faire vivre ceux que nous d\u00e9couvrons sans eux. Se fabriquer des souvenirs pour les garder dans nos vies et abandonner la M\u00e9moire aux pierres froides des cimeti\u00e8res. Ces dalles qui ne raconteront rien aux enfants qui n\u2019ont pas connu ceux qui s\u2019y abritent, alors que les souvenirs \u2014 ces histoires qui se transmettent \u2014 subissant sans cesse de nouvelles transformations maintiennent la vie elle-m\u00eame.<br><br>J\u2019ai voulu ce projet, \u00e0 la fois comme une sorte de performance un peu sophistiqu\u00e9e et une production simple sur la forme, et je regrette que notre ami Gilles Mah\u00e9 ne soit plus parmi nous pour constater \u00e0 quel point la libert\u00e9 qu\u2019il donnait aux formes de l\u2019expression artistique reste d\u00e9terminante \u00e0 mes yeux. Ici il s\u2019agit de cr\u00e9er la marque de t-shirt T-OZI (avec tous les aspects d\u2019une marque r\u00e9elle, logo, cr\u00e9ation des mod\u00e8les, r\u00e9alisation, \u00e9tiquetage\u2026 jusqu\u2019au catalogue de pr\u00e9sentation et commercialisation que vous tenez entre les mains) qui est en<br>r\u00e9alit\u00e9, prise dans son ensemble, une \u0153uvre, et un geste simple sur la forme\u2026 Cr\u00e9er \u00e0 partir d\u2019une seule et m\u00eame image de Roseline \u00ab\u2009Ozi\u2009\u00bb Moreu Lubrano di Scampamorte prise en 1981 au Col du Passon un certain nombre de mod\u00e8les simples ou plus complexes, \u00e9mouvants ou rigolos, destin\u00e9s \u00e0 \u00eatre offerts pour la plupart \u00e0 une seule et unique personne en particulier. Quelques compositions ont \u00e9t\u00e9 \u00e9dit\u00e9es \u00e0 plus d\u2019un exemplaire, en g\u00e9n\u00e9ral deux et une seule fois \u00e0 quatre et d\u00e9di\u00e9es au m\u00eame nombre de proches \u00e0 qui elles pouvaient correspondre \u00e9galement.\u00a0<br><br>R\u00e9alis\u00e9es avec mon collaborateur, partenaire professionnel et quasi-fr\u00e8re Julien Maeda, ces compositions relient le traitement de la photo \u00e0 la personne destinataire et les lettres OZI dans des mots ou des expressions qui apparaissent sur l\u2019image. Parfois intimes et lourdes d\u2019\u00e9motions, parfois sophistiqu\u00e9es, elles peuvent \u00eatre aussi ludiques, voire flirter avec la facilit\u00e9. C\u2019est ainsi.<br><br>Ozi aurait certainement aim\u00e9 l\u2019id\u00e9e et le processus, maman sans aucun doute \u00e9t\u00e9 mal \u00e0 l\u2019aise d\u2019en \u00eatre le sujet, Roseline d\u00e9test\u00e9 certaines propositions trop voyantes, beaucoup ri d\u2019autres parmi celles les plus \u00e9loign\u00e9es de sa v\u00e9ritable personnalit\u00e9. Elle n\u2019aurait en tout cas jamais port\u00e9 un t-shirt avec son portrait ou n\u2019importe quel autre motif envahissant. Mais c\u2019\u00e9tait avant les nouvelles vies que je lui d\u00e9die, alors qui sait\u2009?<br><br>SM<br><br>Paris, 17\u00a0juillet 2023<\/p>\n<\/div>\n\n\n\n<div style=\"height:20px\" aria-hidden=\"true\" class=\"wp-block-spacer\"><\/div>\n\n\n\n<p style=\"padding-right:0;padding-left:0\"><\/p>\n\n\n\n<div class=\"wp-block-group alignwide is-layout-constrained wp-block-group-is-layout-constrained\">\n<figure class=\"wp-block-image alignleft size-full is-resized\"><img loading=\"lazy\" decoding=\"async\" width=\"782\" height=\"686\" src=\"https:\/\/t-ozi.fr\/wp-content\/uploads\/2023\/11\/Capture-decran-2023-11-16-a-11.51.38.png\" alt=\"\" class=\"wp-image-692\" style=\"width:410px\" srcset=\"https:\/\/t-ozi.fr\/wp-content\/uploads\/2023\/11\/Capture-decran-2023-11-16-a-11.51.38.png 782w, https:\/\/t-ozi.fr\/wp-content\/uploads\/2023\/11\/Capture-decran-2023-11-16-a-11.51.38-300x263.png 300w, https:\/\/t-ozi.fr\/wp-content\/uploads\/2023\/11\/Capture-decran-2023-11-16-a-11.51.38-768x674.png 768w\" sizes=\"auto, (max-width: 782px) 100vw, 782px\" \/><figcaption class=\"wp-element-caption\">\u00a9 R. Brunton (d\u00e9tail)<\/figcaption><\/figure>\n\n\n\n<p class=\"has-medium-font-size\" style=\"padding-right:0;padding-left:0\">Je remercie Dominique Mboungou et Momy Personnalisation, sa soci\u00e9t\u00e9 qui vient de s\u2019installer il y a une vingtaine de jours \u00e0 20&nbsp;m de nos bureaux et de chez moi, pr\u00e9cis\u00e9ment au 10 de la rue Hitorf dans le 10e&nbsp;arrondissement de Paris. Il n\u2019avait pas encore eu le temps de changer d\u2019enseigne, celle du retoucheur couturier, le Flambeau d\u2019Afrik est encore en place \u00e0 l\u2019heure \u00e0 laquelle j\u2019\u00e9cris ces lignes et sur la couverture de ce catalogue r\u00e9alis\u00e9e par mon ami photographe Robert Brunton. Dominique s\u2019est d\u00e9di\u00e9 \u00e0 ce projet qui n\u2019a cess\u00e9 d\u2019augmenter au cours des 3&nbsp;semaines de sa r\u00e9alisation. Chaque jour je venais avec de nouveaux motifs et il restait ouvert pour moi jusqu\u2019\u00e0 22&nbsp;h et plus. Il a tr\u00e8s vite compris qu\u2019il ne s\u2019agissait pas d\u2019un projet commercial usuel tel que ceux auxquels il \u00e9tait habitu\u00e9, mais d\u2019un geste cr\u00e9atif atypique en hommage \u00e0 une maman. Il nous a apport\u00e9 la technique, l\u2019exp\u00e9rience et le temps sans lesquels nous n\u2019aurions pas pu mener \u00e0 bien notre projet.<\/p>\n<\/div>\n","protected":false},"excerpt":{"rendered":"<p>Ozi est le diminutif amoureux que mon p\u00e8re Alain Moreu donnait \u00e0 Roseline Moreu Lubrano di Scampamorte, ma m\u00e8re.\u00a0 Je n\u2019ai jamais entendu personne d\u2019autre l\u2019appeler ainsi, et j\u2019ai beaucoup h\u00e9sit\u00e9 \u00e0 prendre pour ce projet \u2014 comme on kidnapperait \u2014 ce surnom qui n\u2019appartenait qu\u2019\u00e0 eux. Ozi, c\u2019est aussi le nom qu\u2019ils ont donn\u00e9 [&hellip;]<\/p>\n","protected":false},"author":1,"featured_media":0,"parent":0,"menu_order":0,"comment_status":"closed","ping_status":"closed","template":"","meta":{"site-sidebar-layout":"default","site-content-layout":"","ast-site-content-layout":"","site-content-style":"default","site-sidebar-style":"default","ast-global-header-display":"","ast-banner-title-visibility":"","ast-main-header-display":"","ast-hfb-above-header-display":"","ast-hfb-below-header-display":"","ast-hfb-mobile-header-display":"","site-post-title":"","ast-breadcrumbs-content":"","ast-featured-img":"","footer-sml-layout":"","theme-transparent-header-meta":"","adv-header-id-meta":"","stick-header-meta":"","header-above-stick-meta":"","header-main-stick-meta":"","header-below-stick-meta":"","astra-migrate-meta-layouts":"","ast-page-background-enabled":"default","ast-page-background-meta":{"desktop":{"background-color":"var(--ast-global-color-4)","background-image":"","background-repeat":"repeat","background-position":"center center","background-size":"auto","background-attachment":"scroll","background-type":"","background-media":"","overlay-type":"","overlay-color":"","overlay-opacity":"","overlay-gradient":""},"tablet":{"background-color":"","background-image":"","background-repeat":"repeat","background-position":"center center","background-size":"auto","background-attachment":"scroll","background-type":"","background-media":"","overlay-type":"","overlay-color":"","overlay-opacity":"","overlay-gradient":""},"mobile":{"background-color":"","background-image":"","background-repeat":"repeat","background-position":"center center","background-size":"auto","background-attachment":"scroll","background-type":"","background-media":"","overlay-type":"","overlay-color":"","overlay-opacity":"","overlay-gradient":""}},"ast-content-background-meta":{"desktop":{"background-color":"var(--ast-global-color-5)","background-image":"","background-repeat":"repeat","background-position":"center center","background-size":"auto","background-attachment":"scroll","background-type":"","background-media":"","overlay-type":"","overlay-color":"","overlay-opacity":"","overlay-gradient":""},"tablet":{"background-color":"var(--ast-global-color-5)","background-image":"","background-repeat":"repeat","background-position":"center center","background-size":"auto","background-attachment":"scroll","background-type":"","background-media":"","overlay-type":"","overlay-color":"","overlay-opacity":"","overlay-gradient":""},"mobile":{"background-color":"var(--ast-global-color-5)","background-image":"","background-repeat":"repeat","background-position":"center center","background-size":"auto","background-attachment":"scroll","background-type":"","background-media":"","overlay-type":"","overlay-color":"","overlay-opacity":"","overlay-gradient":""}},"footnotes":""},"class_list":["post-29","page","type-page","status-publish","hentry"],"_links":{"self":[{"href":"https:\/\/t-ozi.fr\/index.php\/wp-json\/wp\/v2\/pages\/29","targetHints":{"allow":["GET"]}}],"collection":[{"href":"https:\/\/t-ozi.fr\/index.php\/wp-json\/wp\/v2\/pages"}],"about":[{"href":"https:\/\/t-ozi.fr\/index.php\/wp-json\/wp\/v2\/types\/page"}],"author":[{"embeddable":true,"href":"https:\/\/t-ozi.fr\/index.php\/wp-json\/wp\/v2\/users\/1"}],"replies":[{"embeddable":true,"href":"https:\/\/t-ozi.fr\/index.php\/wp-json\/wp\/v2\/comments?post=29"}],"version-history":[{"count":25,"href":"https:\/\/t-ozi.fr\/index.php\/wp-json\/wp\/v2\/pages\/29\/revisions"}],"predecessor-version":[{"id":838,"href":"https:\/\/t-ozi.fr\/index.php\/wp-json\/wp\/v2\/pages\/29\/revisions\/838"}],"wp:attachment":[{"href":"https:\/\/t-ozi.fr\/index.php\/wp-json\/wp\/v2\/media?parent=29"}],"curies":[{"name":"wp","href":"https:\/\/api.w.org\/{rel}","templated":true}]}}